{"id":38,"date":"2025-03-05T17:10:13","date_gmt":"2025-03-05T17:10:13","guid":{"rendered":"https:\/\/padelcoin.xyz\/?page_id=38"},"modified":"2025-03-10T19:31:10","modified_gmt":"2025-03-10T19:31:10","slug":"contacto","status":"publish","type":"page","link":"https:\/\/padelcoin.xyz\/en\/contacto\/","title":{"rendered":"Contact"},"content":{"rendered":"<div data-elementor-type=\"wp-page\" data-elementor-id=\"38\" class=\"elementor elementor-38\">\n\t\t\t\t<div class=\"elementor-element elementor-element-05811cf e-flex e-con-boxed e-con e-parent\" data-id=\"05811cf\" data-element_type=\"container\">\n\t\t\t\t\t<div class=\"e-con-inner\">\n\t\t\t\t<div class=\"elementor-element elementor-element-23d697d elementor-widget elementor-widget-heading\" data-id=\"23d697d\" data-element_type=\"widget\" data-widget_type=\"heading.default\">\n\t\t\t\t<div class=\"elementor-widget-container\">\n\t\t\t\t\t<h1 class=\"elementor-heading-title elementor-size-default\">Connect with the Padelcoin team<\/h1>\t\t\t\t<\/div>\n\t\t\t\t<\/div>\n\t\t\t\t<div class=\"elementor-element elementor-element-e041b33 elementor-widget elementor-widget-wpforms\" data-id=\"e041b33\" data-element_type=\"widget\" data-widget_type=\"wpforms.default\">\n\t\t\t\t<div class=\"elementor-widget-container\">\n\t\t\t\t\t<style id=\"wpforms-css-vars-elementor-widget-e041b33\">\n\t\t\t\t.elementor-widget-wpforms.elementor-element-e041b33 {\n\t\t\t\t--wpforms-field-border-radius: 6px;\n--wpforms-field-border-color: #111111;\n--wpforms-field-border-color-spare: #111111;\n--wpforms-field-text-color: #1E1E1E;\n--wpforms-label-color: #FFFFFF;\n--wpforms-label-sublabel-color: #FFFFFF;\n\n\t\t\t}\n\t\t\t<\/style><div class=\"wpforms-container wpforms-container-full wpforms-render-modern\" id=\"wpforms-356\"><form id=\"wpforms-form-356\" class=\"wpforms-validate wpforms-form wpforms-ajax-form\" data-formid=\"356\" method=\"post\" enctype=\"multipart\/form-data\" action=\"\/en\/wp-json\/wp\/v2\/pages\/38\" data-token=\"9ffc3562bae331c9f99d2a50ec13e3e3\" data-token-time=\"1777721040\" data-trp-original-action=\"\/en\/wp-json\/wp\/v2\/pages\/38\"><noscript class=\"wpforms-error-noscript\">Please enable JavaScript in your browser to complete this form.<\/noscript><div id=\"wpforms-error-noscript\" style=\"display: none;\">Please enable JavaScript in your browser to complete this form.<\/div><div class=\"wpforms-field-container\"><div id=\"wpforms-356-field_1-container\" class=\"wpforms-field wpforms-field-name\" data-field-id=\"1\"><label class=\"wpforms-field-label\" for=\"wpforms-356-field_1\">Name <span class=\"wpforms-required-label\" aria-hidden=\"true\">*<\/span><\/label><input type=\"text\" id=\"wpforms-356-field_1\" class=\"wpforms-field-small wpforms-field-required\" name=\"wpforms[fields][1]\" aria-errormessage=\"wpforms-356-field_1-error\" required><\/div>\t\t<div id=\"wpforms-356-field_2-container\"\n\t\t\tclass=\"wpforms-field wpforms-field-text\"\n\t\t\tdata-field-type=\"text\"\n\t\t\tdata-field-id=\"2\"\n\t\t\t>\n\t\t\t<label class=\"wpforms-field-label\" for=\"wpforms-356-field_2\" >Correo Nombre has<\/label>\n\t\t\t<input type=\"text\" id=\"wpforms-356-field_2\" class=\"wpforms-field-medium\" name=\"wpforms[fields][2]\" >\n\t\t<\/div>\n\t\t<div id=\"wpforms-356-field_3-container\" class=\"wpforms-field wpforms-field-email\" data-field-id=\"3\"><label class=\"wpforms-field-label\" for=\"wpforms-356-field_3\">E-Mail <span class=\"wpforms-required-label\" aria-hidden=\"true\">*<\/span><\/label><input type=\"email\" id=\"wpforms-356-field_3\" class=\"wpforms-field-small wpforms-field-required\" name=\"wpforms[fields][3]\" spellcheck=\"false\" aria-errormessage=\"wpforms-356-field_3-error\" required><\/div><div id=\"wpforms-356-field_4-container\" class=\"wpforms-field wpforms-field-select wpforms-field-select-style-classic\" data-field-id=\"4\"><label class=\"wpforms-field-label\" for=\"wpforms-356-field_4\">Where did you hear about Padelcoin? <span class=\"wpforms-required-label\" aria-hidden=\"true\">*<\/span><\/label><select id=\"wpforms-356-field_4\" class=\"wpforms-field-small wpforms-field-required\" name=\"wpforms[fields][4]\" required=\"required\"><option value=\"Google\" >Google<\/option><option value=\"Redes Sociales\" >Social Media<\/option><option value=\"Un Influencer o amigo\" >An influencer or a friend<\/option><\/select><\/div><div id=\"wpforms-356-field_7-container\" class=\"wpforms-field wpforms-field-text\" data-field-id=\"7\"><label class=\"wpforms-field-label\" for=\"wpforms-356-field_7\">Can you give us more details?<\/label><input type=\"text\" id=\"wpforms-356-field_7\" class=\"wpforms-field-medium\" name=\"wpforms[fields][7]\" aria-errormessage=\"wpforms-356-field_7-error\" ><\/div><div id=\"wpforms-356-field_6-container\" class=\"wpforms-field wpforms-field-textarea\" data-field-id=\"6\"><label class=\"wpforms-field-label\" for=\"wpforms-356-field_6\">Message<\/label><textarea id=\"wpforms-356-field_6\" class=\"wpforms-field-medium wpforms-limit-characters-enabled\" data-form-id=\"356\" data-field-id=\"6\" data-text-limit=\"1000\" name=\"wpforms[fields][6]\" aria-errormessage=\"wpforms-356-field_6-error\" maxlength=\"1000\" ><\/textarea><\/div><script>\n\t\t\t\t( function() {\n\t\t\t\t\tconst style = document.createElement( 'style' );\n\t\t\t\t\tstyle.appendChild( document.createTextNode( '#wpforms-356-field_2-container { position: absolute !important; overflow: hidden !important; display: inline !important; height: 1px !important; width: 1px !important; z-index: -1000 !important; padding: 0 !important; } #wpforms-356-field_2-container input { visibility: hidden; } #wpforms-conversational-form-page #wpforms-356-field_2-container label { counter-increment: none; }' ) );\n\t\t\t\t\tdocument.head.appendChild( style );\n\t\t\t\t\tdocument.currentScript?.remove();\n\t\t\t\t} )();\n\t\t\t<\/script><\/div><!-- .wpforms-field-container --><div class=\"wpforms-recaptcha-container wpforms-is-recaptcha wpforms-is-recaptcha-type-v2\" ><div class=\"g-recaptcha\" data-sitekey=\"6LfRTe8qAAAAAIY2sUZsW83lhRavUNps8gpzMcNM\"><\/div><input type=\"text\" name=\"g-recaptcha-hidden\" class=\"wpforms-recaptcha-hidden\" style=\"position:absolute!important;clip:rect(0,0,0,0)!important;height:1px!important;width:1px!important;border:0!important;overflow:hidden!important;padding:0!important;margin:0!important;\" data-rule-recaptcha=\"1\"><\/div><div class=\"wpforms-submit-container\" ><input type=\"hidden\" name=\"wpforms[id]\" value=\"356\"><input type=\"hidden\" name=\"page_title\" value=\"\"><input type=\"hidden\" name=\"page_url\" value=\"https:\/\/padelcoin.xyz\/en\/wp-json\/wp\/v2\/pages\/38\"><input type=\"hidden\" name=\"url_referer\" value=\"\"><button type=\"submit\" name=\"wpforms[submit]\" id=\"wpforms-submit-356\" class=\"wpforms-submit\" data-alt-text=\"Enviando...\" data-submit-text=\"Enviar\" aria-live=\"assertive\" value=\"wpforms-submit\">Send<\/button><img decoding=\"async\" src=\"https:\/\/padelcoin.xyz\/wp-content\/plugins\/wpforms-lite\/assets\/images\/submit-spin.svg\" class=\"wpforms-submit-spinner\" style=\"display: none;\" width=\"26\" height=\"26\" alt=\"Loading\"><\/div><input type=\"hidden\" name=\"trp-form-language\" value=\"en\"\/><\/form><\/div>  <!-- .wpforms-container -->\t\t\t\t<\/div>\n\t\t\t\t<\/div>\n\t\t\t\t<div class=\"elementor-element elementor-element-20847e3 elementor-widget elementor-widget-heading\" data-id=\"20847e3\" data-element_type=\"widget\" data-widget_type=\"heading.default\">\n\t\t\t\t<div class=\"elementor-widget-container\">\n\t\t\t\t\t<h3 class=\"elementor-heading-title elementor-size-default\">Find us also on our social media:<\/h3>\t\t\t\t<\/div>\n\t\t\t\t<\/div>\n\t\t<div class=\"elementor-element elementor-element-66c0952 e-grid e-con-full e-con e-child\" data-id=\"66c0952\" data-element_type=\"container\">\n\t\t\t\t<div class=\"elementor-element elementor-element-98d816d elementor-widget elementor-widget-image\" data-id=\"98d816d\" data-element_type=\"widget\" data-widget_type=\"image.default\">\n\t\t\t\t<div class=\"elementor-widget-container\">\n\t\t\t\t\t\t\t\t\t\t\t\t<figure class=\"wp-caption\">\n\t\t\t\t\t\t\t\t\t\t\t<a href=\"https:\/\/instagram.com\/padelcoinx\" target=\"_blank\">\n\t\t\t\t\t\t\t<img decoding=\"async\" src=\"https:\/\/padelcoin.xyz\/wp-content\/uploads\/elementor\/thumbs\/Instagram-Icon-e1741630816401-r2nzvep0m09q8ftbhngjib6k41c26p3p2xluk0xee8.png\" title=\"Instagram Icon\" alt=\"Instagram Icon\" loading=\"lazy\" \/>\t\t\t\t\t\t\t\t<\/a>\n\t\t\t\t\t\t\t\t\t\t\t<figcaption class=\"widget-image-caption wp-caption-text\">@padelcoinx<\/figcaption>\n\t\t\t\t\t\t\t\t\t\t<\/figure>\n\t\t\t\t\t\t\t\t\t<\/div>\n\t\t\t\t<\/div>\n\t\t\t\t<div class=\"elementor-element elementor-element-b6a74f2 elementor-widget elementor-widget-image\" data-id=\"b6a74f2\" data-element_type=\"widget\" data-widget_type=\"image.default\">\n\t\t\t\t<div class=\"elementor-widget-container\">\n\t\t\t\t\t\t\t\t\t\t\t\t<figure class=\"wp-caption\">\n\t\t\t\t\t\t\t\t\t\t\t<a href=\"https:\/\/x.com\/padelcoinx\" target=\"_blank\">\n\t\t\t\t\t\t\t<img decoding=\"async\" src=\"https:\/\/padelcoin.xyz\/wp-content\/uploads\/elementor\/thumbs\/X-Icon-e1741631085753-r2o02fjlofvuzjm1h6r6n1djwopsp9zhpp3gngihwg.png\" title=\"X Icon\" alt=\"X Icon\" loading=\"lazy\" \/>\t\t\t\t\t\t\t\t<\/a>\n\t\t\t\t\t\t\t\t\t\t\t<figcaption class=\"widget-image-caption wp-caption-text\">@padelcoinx<\/figcaption>\n\t\t\t\t\t\t\t\t\t\t<\/figure>\n\t\t\t\t\t\t\t\t\t<\/div>\n\t\t\t\t<\/div>\n\t\t\t\t<div class=\"elementor-element elementor-element-bd9d592 elementor-widget elementor-widget-image\" data-id=\"bd9d592\" data-element_type=\"widget\" data-widget_type=\"image.default\">\n\t\t\t\t<div class=\"elementor-widget-container\">\n\t\t\t\t\t\t\t\t\t\t\t\t<figure class=\"wp-caption\">\n\t\t\t\t\t\t\t\t\t\t\t<a href=\"https:\/\/t.me\/padelcoinoficial\" target=\"_blank\">\n\t\t\t\t\t\t\t<img decoding=\"async\" src=\"https:\/\/padelcoin.xyz\/wp-content\/uploads\/elementor\/thumbs\/Telegram-Icon-e1741630860729-r2nzwk1wypucfa58s5c4k0qu8zo7ldnvwmb7o782sg.png\" title=\"Telegram Icon\" alt=\"Telegram Icon\" loading=\"lazy\" \/>\t\t\t\t\t\t\t\t<\/a>\n\t\t\t\t\t\t\t\t\t\t\t<figcaption class=\"widget-image-caption wp-caption-text\">@padelcoinx<\/figcaption>\n\t\t\t\t\t\t\t\t\t\t<\/figure>\n\t\t\t\t\t\t\t\t\t<\/div>\n\t\t\t\t<\/div>\n\t\t\t\t<\/div>\n\t\t\t\t<div class=\"elementor-element elementor-element-cf6995d elementor-widget elementor-widget-heading\" data-id=\"cf6995d\" data-element_type=\"widget\" data-widget_type=\"heading.default\">\n\t\t\t\t<div class=\"elementor-widget-container\">\n\t\t\t\t\t<h3 class=\"elementor-heading-title elementor-size-default\"><a href=\"\/en\/\">Or click here to return to the homepage.<\/a><\/h3>\t\t\t\t<\/div>\n\t\t\t\t<\/div>\n\t\t\t\t\t<\/div>\n\t\t\t\t<\/div>\n\t\t\t\t<\/div>","protected":false},"excerpt":{"rendered":"<p>Con\u00e9ctate con el equipo de Padelcoin Por favor, activa JavaScript en tu navegador para completar este formulario.Por favor, activa JavaScript en tu navegador para completar este formulario.Nombre *Correo electr\u00f3nico *Donde has oido hablar de Padelcoin? *GoogleRedes SocialesUn Influencer o amigoPuedes darnos m\u00e1s detalles?Mensaje Enviar Encu\u00e9ntranos tambi\u00e9n en nuestras redes sociales: @padelcoinx @padelcoinx @padelcoinoficial O haz [&hellip;]<\/p>","protected":false},"author":1,"featured_media":0,"parent":0,"menu_order":0,"comment_status":"closed","ping_status":"closed","template":"","meta":{"_eb_attr":"","site-sidebar-layout":"no-sidebar","site-content-layout":"","ast-site-content-layout":"full-width-container","site-content-style":"default","site-sidebar-style":"default","ast-global-header-display":"","ast-banner-title-visibility":"","ast-main-header-display":"","ast-hfb-above-header-display":"","ast-hfb-below-header-display":"","ast-hfb-mobile-header-display":"","site-post-title":"disabled","ast-breadcrumbs-content":"","ast-featured-img":"disabled","footer-sml-layout":"","theme-transparent-header-meta":"","adv-header-id-meta":"","stick-header-meta":"","header-above-stick-meta":"","header-main-stick-meta":"","header-below-stick-meta":"","astra-migrate-meta-layouts":"default","ast-page-background-enabled":"default","ast-page-background-meta":{"desktop":{"background-color":"var(--ast-global-color-5)","background-image":"","background-repeat":"repeat","background-position":"center center","background-size":"auto","background-attachment":"scroll","background-type":"","background-media":"","overlay-type":"","overlay-color":"","overlay-opacity":"","overlay-gradient":""},"tablet":{"background-color":"","background-image":"","background-repeat":"repeat","background-position":"center center","background-size":"auto","background-attachment":"scroll","background-type":"","background-media":"","overlay-type":"","overlay-color":"","overlay-opacity":"","overlay-gradient":""},"mobile":{"background-color":"","background-image":"","background-repeat":"repeat","background-position":"center center","background-size":"auto","background-attachment":"scroll","background-type":"","background-media":"","overlay-type":"","overlay-color":"","overlay-opacity":"","overlay-gradient":""}},"ast-content-background-meta":{"desktop":{"background-color":"var(--ast-global-color-4)","background-image":"","background-repeat":"repeat","background-position":"center center","background-size":"auto","background-attachment":"scroll","background-type":"","background-media":"","overlay-type":"","overlay-color":"","overlay-opacity":"","overlay-gradient":""},"tablet":{"background-color":"var(--ast-global-color-4)","background-image":"","background-repeat":"repeat","background-position":"center center","background-size":"auto","background-attachment":"scroll","background-type":"","background-media":"","overlay-type":"","overlay-color":"","overlay-opacity":"","overlay-gradient":""},"mobile":{"background-color":"var(--ast-global-color-4)","background-image":"","background-repeat":"repeat","background-position":"center center","background-size":"auto","background-attachment":"scroll","background-type":"","background-media":"","overlay-type":"","overlay-color":"","overlay-opacity":"","overlay-gradient":""}},"footnotes":""},"class_list":["post-38","page","type-page","status-publish","hentry"],"yoast_head":"<!-- This site is optimized with the Yoast SEO plugin v25.6 - https:\/\/yoast.com\/wordpress\/plugins\/seo\/ -->\n<title>Contacto - Habla con el equipo de PADELCOIN ($PADEL)<\/title>\n<meta name=\"description\" content=\"\u00bfTienes dudas o quieres colaborar con PADELCOIN? Cont\u00e1ctanos y \u00fanete a la revoluci\u00f3n del p\u00e1del en blockchain.\" \/>\n<meta name=\"robots\" content=\"index, follow, max-snippet:-1, max-image-preview:large, max-video-preview:-1\" \/>\n<link rel=\"canonical\" href=\"https:\/\/padelcoin.xyz\/en\/contacto\/\" \/>\n<meta property=\"og:locale\" content=\"en_US\" \/>\n<meta property=\"og:type\" content=\"article\" \/>\n<meta property=\"og:title\" content=\"Contacto - Habla con el equipo de PADELCOIN ($PADEL)\" \/>\n<meta property=\"og:description\" content=\"\u00bfTienes dudas o quieres colaborar con PADELCOIN? Cont\u00e1ctanos y \u00fanete a la revoluci\u00f3n del p\u00e1del en blockchain.\" \/>\n<meta property=\"og:url\" content=\"https:\/\/padelcoin.xyz\/en\/contacto\/\" \/>\n<meta property=\"og:site_name\" content=\"La Revoluci\u00f3n Cripto del P\u00e1del\" \/>\n<meta property=\"article:modified_time\" content=\"2025-03-10T19:31:10+00:00\" \/>\n<meta property=\"og:image\" content=\"https:\/\/padelcoin.xyz\/wp-content\/plugins\/wpforms-lite\/assets\/images\/submit-spin.svg\" \/>\n<meta name=\"twitter:card\" content=\"summary_large_image\" \/>\n<meta name=\"twitter:site\" content=\"@padelcoinx\" \/>\n<meta name=\"twitter:label1\" content=\"Est. reading time\" \/>\n\t<meta name=\"twitter:data1\" content=\"1 minute\" \/>\n<script type=\"application\/ld+json\" class=\"yoast-schema-graph\">{\"@context\":\"https:\/\/schema.org\",\"@graph\":[{\"@type\":\"WebPage\",\"@id\":\"https:\/\/padelcoin.xyz\/contacto\/\",\"url\":\"https:\/\/padelcoin.xyz\/contacto\/\",\"name\":\"Contacto - Habla con el equipo de PADELCOIN ($PADEL)\",\"isPartOf\":{\"@id\":\"http:\/\/padelcoin.xyz\/#website\"},\"primaryImageOfPage\":{\"@id\":\"https:\/\/padelcoin.xyz\/contacto\/#primaryimage\"},\"image\":{\"@id\":\"https:\/\/padelcoin.xyz\/contacto\/#primaryimage\"},\"thumbnailUrl\":\"https:\/\/padelcoin.xyz\/wp-content\/plugins\/wpforms-lite\/assets\/images\/submit-spin.svg\",\"datePublished\":\"2025-03-05T17:10:13+00:00\",\"dateModified\":\"2025-03-10T19:31:10+00:00\",\"description\":\"\u00bfTienes dudas o quieres colaborar con PADELCOIN? Cont\u00e1ctanos y \u00fanete a la revoluci\u00f3n del p\u00e1del en blockchain.\",\"breadcrumb\":{\"@id\":\"https:\/\/padelcoin.xyz\/contacto\/#breadcrumb\"},\"inLanguage\":\"en-US\",\"potentialAction\":[{\"@type\":\"ReadAction\",\"target\":[\"https:\/\/padelcoin.xyz\/contacto\/\"]}]},{\"@type\":\"ImageObject\",\"inLanguage\":\"en-US\",\"@id\":\"https:\/\/padelcoin.xyz\/contacto\/#primaryimage\",\"url\":\"https:\/\/padelcoin.xyz\/wp-content\/plugins\/wpforms-lite\/assets\/images\/submit-spin.svg\",\"contentUrl\":\"https:\/\/padelcoin.xyz\/wp-content\/plugins\/wpforms-lite\/assets\/images\/submit-spin.svg\"},{\"@type\":\"BreadcrumbList\",\"@id\":\"https:\/\/padelcoin.xyz\/contacto\/#breadcrumb\",\"itemListElement\":[{\"@type\":\"ListItem\",\"position\":1,\"name\":\"Home\",\"item\":\"https:\/\/padelcoin.xyz\/\"},{\"@type\":\"ListItem\",\"position\":2,\"name\":\"Contacto\"}]},{\"@type\":\"WebSite\",\"@id\":\"http:\/\/padelcoin.xyz\/#website\",\"url\":\"http:\/\/padelcoin.xyz\/\",\"name\":\"La Revoluci\u00f3n Cripto del P\u00e1del\",\"description\":\"La Criptomoneda #1 para los Jugadores de Padel\",\"publisher\":{\"@id\":\"http:\/\/padelcoin.xyz\/#organization\"},\"potentialAction\":[{\"@type\":\"SearchAction\",\"target\":{\"@type\":\"EntryPoint\",\"urlTemplate\":\"http:\/\/padelcoin.xyz\/?s={search_term_string}\"},\"query-input\":{\"@type\":\"PropertyValueSpecification\",\"valueRequired\":true,\"valueName\":\"search_term_string\"}}],\"inLanguage\":\"en-US\"},{\"@type\":\"Organization\",\"@id\":\"http:\/\/padelcoin.xyz\/#organization\",\"name\":\"La Revoluci\u00f3n Cripto del P\u00e1del\",\"url\":\"http:\/\/padelcoin.xyz\/\",\"logo\":{\"@type\":\"ImageObject\",\"inLanguage\":\"en-US\",\"@id\":\"http:\/\/padelcoin.xyz\/#\/schema\/logo\/image\/\",\"url\":\"https:\/\/padelcoin.xyz\/wp-content\/uploads\/2025\/05\/cropped-Logo-Padelcoin-192x192-1.avif\",\"contentUrl\":\"https:\/\/padelcoin.xyz\/wp-content\/uploads\/2025\/05\/cropped-Logo-Padelcoin-192x192-1.avif\",\"width\":192,\"height\":192,\"caption\":\"La Revoluci\u00f3n Cripto del P\u00e1del\"},\"image\":{\"@id\":\"http:\/\/padelcoin.xyz\/#\/schema\/logo\/image\/\"},\"sameAs\":[\"https:\/\/x.com\/padelcoinx\",\"https:\/\/instagram.com\/padelcoinx\",\"https:\/\/t.me\/padelcoinoficial\"]}]}<\/script>\n<!-- \/ Yoast SEO plugin. -->","yoast_head_json":{"title":"Contacto - Habla con el equipo de PADELCOIN ($PADEL)","description":"\u00bfTienes dudas o quieres colaborar con PADELCOIN? Cont\u00e1ctanos y \u00fanete a la revoluci\u00f3n del p\u00e1del en blockchain.","robots":{"index":"index","follow":"follow","max-snippet":"max-snippet:-1","max-image-preview":"max-image-preview:large","max-video-preview":"max-video-preview:-1"},"canonical":"https:\/\/padelcoin.xyz\/en\/contacto\/","og_locale":"en_US","og_type":"article","og_title":"Contacto - Habla con el equipo de PADELCOIN ($PADEL)","og_description":"\u00bfTienes dudas o quieres colaborar con PADELCOIN? Cont\u00e1ctanos y \u00fanete a la revoluci\u00f3n del p\u00e1del en blockchain.","og_url":"https:\/\/padelcoin.xyz\/en\/contacto\/","og_site_name":"La Revoluci\u00f3n Cripto del P\u00e1del","article_modified_time":"2025-03-10T19:31:10+00:00","og_image":[{"url":"https:\/\/padelcoin.xyz\/wp-content\/plugins\/wpforms-lite\/assets\/images\/submit-spin.svg","type":"","width":"","height":""}],"twitter_card":"summary_large_image","twitter_site":"@padelcoinx","twitter_misc":{"Est. reading time":"1 minute"},"schema":{"@context":"https:\/\/schema.org","@graph":[{"@type":"WebPage","@id":"https:\/\/padelcoin.xyz\/contacto\/","url":"https:\/\/padelcoin.xyz\/contacto\/","name":"Contacto - Habla con el equipo de PADELCOIN ($PADEL)","isPartOf":{"@id":"http:\/\/padelcoin.xyz\/#website"},"primaryImageOfPage":{"@id":"https:\/\/padelcoin.xyz\/contacto\/#primaryimage"},"image":{"@id":"https:\/\/padelcoin.xyz\/contacto\/#primaryimage"},"thumbnailUrl":"https:\/\/padelcoin.xyz\/wp-content\/plugins\/wpforms-lite\/assets\/images\/submit-spin.svg","datePublished":"2025-03-05T17:10:13+00:00","dateModified":"2025-03-10T19:31:10+00:00","description":"\u00bfTienes dudas o quieres colaborar con PADELCOIN? Cont\u00e1ctanos y \u00fanete a la revoluci\u00f3n del p\u00e1del en blockchain.","breadcrumb":{"@id":"https:\/\/padelcoin.xyz\/contacto\/#breadcrumb"},"inLanguage":"en-US","potentialAction":[{"@type":"ReadAction","target":["https:\/\/padelcoin.xyz\/contacto\/"]}]},{"@type":"ImageObject","inLanguage":"en-US","@id":"https:\/\/padelcoin.xyz\/contacto\/#primaryimage","url":"https:\/\/padelcoin.xyz\/wp-content\/plugins\/wpforms-lite\/assets\/images\/submit-spin.svg","contentUrl":"https:\/\/padelcoin.xyz\/wp-content\/plugins\/wpforms-lite\/assets\/images\/submit-spin.svg"},{"@type":"BreadcrumbList","@id":"https:\/\/padelcoin.xyz\/contacto\/#breadcrumb","itemListElement":[{"@type":"ListItem","position":1,"name":"Home","item":"https:\/\/padelcoin.xyz\/"},{"@type":"ListItem","position":2,"name":"Contacto"}]},{"@type":"WebSite","@id":"http:\/\/padelcoin.xyz\/#website","url":"http:\/\/padelcoin.xyz\/","name":"The Crypto Revolution of Padel","description":"La Criptomoneda #1 para los Jugadores de Padel","publisher":{"@id":"http:\/\/padelcoin.xyz\/#organization"},"potentialAction":[{"@type":"SearchAction","target":{"@type":"EntryPoint","urlTemplate":"http:\/\/padelcoin.xyz\/?s={search_term_string}"},"query-input":{"@type":"PropertyValueSpecification","valueRequired":true,"valueName":"search_term_string"}}],"inLanguage":"en-US"},{"@type":"Organization","@id":"http:\/\/padelcoin.xyz\/#organization","name":"The Crypto Revolution of Padel","url":"http:\/\/padelcoin.xyz\/","logo":{"@type":"ImageObject","inLanguage":"en-US","@id":"http:\/\/padelcoin.xyz\/#\/schema\/logo\/image\/","url":"https:\/\/padelcoin.xyz\/wp-content\/uploads\/2025\/05\/cropped-Logo-Padelcoin-192x192-1.avif","contentUrl":"https:\/\/padelcoin.xyz\/wp-content\/uploads\/2025\/05\/cropped-Logo-Padelcoin-192x192-1.avif","width":192,"height":192,"caption":"La Revoluci\u00f3n Cripto del P\u00e1del"},"image":{"@id":"http:\/\/padelcoin.xyz\/#\/schema\/logo\/image\/"},"sameAs":["https:\/\/x.com\/padelcoinx","https:\/\/instagram.com\/padelcoinx","https:\/\/t.me\/padelcoinoficial"]}]}},"_links":{"self":[{"href":"https:\/\/padelcoin.xyz\/en\/wp-json\/wp\/v2\/pages\/38","targetHints":{"allow":["GET"]}}],"collection":[{"href":"https:\/\/padelcoin.xyz\/en\/wp-json\/wp\/v2\/pages"}],"about":[{"href":"https:\/\/padelcoin.xyz\/en\/wp-json\/wp\/v2\/types\/page"}],"author":[{"embeddable":true,"href":"https:\/\/padelcoin.xyz\/en\/wp-json\/wp\/v2\/users\/1"}],"replies":[{"embeddable":true,"href":"https:\/\/padelcoin.xyz\/en\/wp-json\/wp\/v2\/comments?post=38"}],"version-history":[{"count":0,"href":"https:\/\/padelcoin.xyz\/en\/wp-json\/wp\/v2\/pages\/38\/revisions"}],"wp:attachment":[{"href":"https:\/\/padelcoin.xyz\/en\/wp-json\/wp\/v2\/media?parent=38"}],"curies":[{"name":"wp","href":"https:\/\/api.w.org\/{rel}","templated":true}]}}