{"id":35,"date":"2025-03-05T17:10:36","date_gmt":"2025-03-05T17:10:36","guid":{"rendered":"https:\/\/padelcoin.xyz\/?page_id=35"},"modified":"2025-03-10T18:44:15","modified_gmt":"2025-03-10T18:44:15","slug":"tienda","status":"publish","type":"page","link":"https:\/\/padelcoin.xyz\/en\/tienda\/","title":{"rendered":"Shop"},"content":{"rendered":"<div data-elementor-type=\"wp-page\" data-elementor-id=\"35\" class=\"elementor elementor-35\">\n\t\t\t\t<div class=\"elementor-element elementor-element-b1c844b e-flex e-con-boxed e-con e-parent\" data-id=\"b1c844b\" data-element_type=\"container\" data-settings=\"{&quot;background_background&quot;:&quot;video&quot;,&quot;background_video_start&quot;:1}\">\n\t\t\t\t\t<div class=\"e-con-inner\">\n\t\t\t\t<div class=\"elementor-element elementor-element-3561a70 elementor-widget elementor-widget-image\" data-id=\"3561a70\" data-element_type=\"widget\" data-widget_type=\"image.default\">\n\t\t\t\t<div class=\"elementor-widget-container\">\n\t\t\t\t\t\t\t\t\t\t\t\t\t\t\t<img decoding=\"async\" src=\"https:\/\/padelcoin.xyz\/wp-content\/uploads\/2025\/03\/Coming-soon.png\" title=\"Coming soon\" alt=\"Proximamente\" loading=\"lazy\" \/>\t\t\t\t\t\t\t\t\t\t\t\t\t\t\t<\/div>\n\t\t\t\t<\/div>\n\t\t\t\t<div class=\"elementor-element elementor-element-10f49a2 elementor-widget elementor-widget-heading\" data-id=\"10f49a2\" data-element_type=\"widget\" data-widget_type=\"heading.default\">\n\t\t\t\t<div class=\"elementor-widget-container\">\n\t\t\t\t\t<h1 class=\"elementor-heading-title elementor-size-default\">Get ready to join the padel revolution with Padelcoin. Stay tuned for exclusive products and much more.<\/h1>\t\t\t\t<\/div>\n\t\t\t\t<\/div>\n\t\t\t\t\t<\/div>\n\t\t\t\t<\/div>\n\t\t<div class=\"elementor-element elementor-element-0366bb8 e-flex e-con-boxed e-con e-parent\" data-id=\"0366bb8\" data-element_type=\"container\" data-settings=\"{&quot;background_background&quot;:&quot;classic&quot;}\">\n\t\t\t\t\t<div class=\"e-con-inner\">\n\t\t\t\t<div class=\"elementor-element elementor-element-b76ca4d elementor-widget elementor-widget-heading\" data-id=\"b76ca4d\" data-element_type=\"widget\" data-widget_type=\"heading.default\">\n\t\t\t\t<div class=\"elementor-widget-container\">\n\t\t\t\t\t<h3 class=\"elementor-heading-title elementor-size-default\">For any inquiries or partnerships, leave us your comment on our <a href=\"\/en\/contacto\/\">contact form<\/a> or message us on any of our social media channels:<\/h3>\t\t\t\t<\/div>\n\t\t\t\t<\/div>\n\t\t<div class=\"elementor-element elementor-element-ee06db2 e-grid e-con-full e-con e-child\" data-id=\"ee06db2\" data-element_type=\"container\">\n\t\t\t\t<div class=\"elementor-element elementor-element-a412e7f elementor-widget elementor-widget-image\" data-id=\"a412e7f\" data-element_type=\"widget\" data-widget_type=\"image.default\">\n\t\t\t\t<div class=\"elementor-widget-container\">\n\t\t\t\t\t\t\t\t\t\t\t\t<figure class=\"wp-caption\">\n\t\t\t\t\t\t\t\t\t\t\t<a href=\"https:\/\/instagram.com\/padelcoinx\" target=\"_blank\">\n\t\t\t\t\t\t\t<img decoding=\"async\" src=\"https:\/\/padelcoin.xyz\/wp-content\/uploads\/elementor\/thumbs\/Instagram-Icon-e1741630816401-r2nzvep0m09q8ftbhngjib6k41c26p3p2xluk0xee8.png\" title=\"Instagram Icon\" alt=\"Instagram Icon\" loading=\"lazy\" \/>\t\t\t\t\t\t\t\t<\/a>\n\t\t\t\t\t\t\t\t\t\t\t<figcaption class=\"widget-image-caption wp-caption-text\">@padelcoinx<\/figcaption>\n\t\t\t\t\t\t\t\t\t\t<\/figure>\n\t\t\t\t\t\t\t\t\t<\/div>\n\t\t\t\t<\/div>\n\t\t\t\t<div class=\"elementor-element elementor-element-061dac9 elementor-widget elementor-widget-image\" data-id=\"061dac9\" data-element_type=\"widget\" data-widget_type=\"image.default\">\n\t\t\t\t<div class=\"elementor-widget-container\">\n\t\t\t\t\t\t\t\t\t\t\t\t<figure class=\"wp-caption\">\n\t\t\t\t\t\t\t\t\t\t\t<a href=\"https:\/\/x.com\/padelcoinx\" target=\"_blank\">\n\t\t\t\t\t\t\t<img decoding=\"async\" src=\"https:\/\/padelcoin.xyz\/wp-content\/uploads\/elementor\/thumbs\/X-Icon-e1741631085753-r2o02fjlofvuzjm1h6r6n1djwopsp9zhpp3gngihwg.png\" title=\"X Icon\" alt=\"X Icon\" loading=\"lazy\" \/>\t\t\t\t\t\t\t\t<\/a>\n\t\t\t\t\t\t\t\t\t\t\t<figcaption class=\"widget-image-caption wp-caption-text\">@padelcoinx<\/figcaption>\n\t\t\t\t\t\t\t\t\t\t<\/figure>\n\t\t\t\t\t\t\t\t\t<\/div>\n\t\t\t\t<\/div>\n\t\t\t\t<div class=\"elementor-element elementor-element-31cbb72 elementor-widget elementor-widget-image\" data-id=\"31cbb72\" data-element_type=\"widget\" data-widget_type=\"image.default\">\n\t\t\t\t<div class=\"elementor-widget-container\">\n\t\t\t\t\t\t\t\t\t\t\t\t<figure class=\"wp-caption\">\n\t\t\t\t\t\t\t\t\t\t\t<a href=\"https:\/\/t.me\/padelcoinoficial\" target=\"_blank\">\n\t\t\t\t\t\t\t<img decoding=\"async\" src=\"https:\/\/padelcoin.xyz\/wp-content\/uploads\/elementor\/thumbs\/Telegram-Icon-e1741630860729-r2nzwk1wypucfa58s5c4k0qu8zo7ldnvwmb7o782sg.png\" title=\"Telegram Icon\" alt=\"Telegram Icon\" loading=\"lazy\" \/>\t\t\t\t\t\t\t\t<\/a>\n\t\t\t\t\t\t\t\t\t\t\t<figcaption class=\"widget-image-caption wp-caption-text\">@padelcoinx<\/figcaption>\n\t\t\t\t\t\t\t\t\t\t<\/figure>\n\t\t\t\t\t\t\t\t\t<\/div>\n\t\t\t\t<\/div>\n\t\t\t\t<\/div>\n\t\t\t\t\t<\/div>\n\t\t\t\t<\/div>\n\t\t\t\t<\/div>","protected":false},"excerpt":{"rendered":"<p>Prep\u00e1rate para unirte a la revoluci\u00f3n del p\u00e1del con Padelcoin. Mantente atento para acceder a productos exclusivos y mucho m\u00e1s. Para cualquier consulta o asociaci\u00f3n d\u00e9janos tu comentario en nuestro formulario de contacto o escr\u00edbenos en cualquiera de nuestras redes sociales: @padelcoinx @padelcoinx @padelcoinoficial<\/p>","protected":false},"author":1,"featured_media":0,"parent":0,"menu_order":0,"comment_status":"closed","ping_status":"closed","template":"","meta":{"_eb_attr":"","site-sidebar-layout":"no-sidebar","site-content-layout":"","ast-site-content-layout":"full-width-container","site-content-style":"default","site-sidebar-style":"default","ast-global-header-display":"","ast-banner-title-visibility":"","ast-main-header-display":"","ast-hfb-above-header-display":"","ast-hfb-below-header-display":"","ast-hfb-mobile-header-display":"","site-post-title":"disabled","ast-breadcrumbs-content":"","ast-featured-img":"disabled","footer-sml-layout":"","theme-transparent-header-meta":"","adv-header-id-meta":"","stick-header-meta":"","header-above-stick-meta":"","header-main-stick-meta":"","header-below-stick-meta":"","astra-migrate-meta-layouts":"default","ast-page-background-enabled":"default","ast-page-background-meta":{"desktop":{"background-color":"var(--ast-global-color-5)","background-image":"","background-repeat":"repeat","background-position":"center center","background-size":"auto","background-attachment":"scroll","background-type":"","background-media":"","overlay-type":"","overlay-color":"","overlay-opacity":"","overlay-gradient":""},"tablet":{"background-color":"","background-image":"","background-repeat":"repeat","background-position":"center center","background-size":"auto","background-attachment":"scroll","background-type":"","background-media":"","overlay-type":"","overlay-color":"","overlay-opacity":"","overlay-gradient":""},"mobile":{"background-color":"","background-image":"","background-repeat":"repeat","background-position":"center center","background-size":"auto","background-attachment":"scroll","background-type":"","background-media":"","overlay-type":"","overlay-color":"","overlay-opacity":"","overlay-gradient":""}},"ast-content-background-meta":{"desktop":{"background-color":"var(--ast-global-color-4)","background-image":"","background-repeat":"repeat","background-position":"center center","background-size":"auto","background-attachment":"scroll","background-type":"","background-media":"","overlay-type":"","overlay-color":"","overlay-opacity":"","overlay-gradient":""},"tablet":{"background-color":"var(--ast-global-color-4)","background-image":"","background-repeat":"repeat","background-position":"center center","background-size":"auto","background-attachment":"scroll","background-type":"","background-media":"","overlay-type":"","overlay-color":"","overlay-opacity":"","overlay-gradient":""},"mobile":{"background-color":"var(--ast-global-color-4)","background-image":"","background-repeat":"repeat","background-position":"center center","background-size":"auto","background-attachment":"scroll","background-type":"","background-media":"","overlay-type":"","overlay-color":"","overlay-opacity":"","overlay-gradient":""}},"footnotes":""},"class_list":["post-35","page","type-page","status-publish","hentry"],"yoast_head":"<!-- This site is optimized with the Yoast SEO plugin v25.6 - https:\/\/yoast.com\/wordpress\/plugins\/seo\/ -->\n<title>Tienda PADELCOIN ($PADEL) - Productos para la comunidad<\/title>\n<meta name=\"description\" content=\"Pr\u00f3ximamente: Compra art\u00edculos exclusivos de PADELCOIN con $PADEL. Camisetas, raquetas y m\u00e1s en la tienda oficial del token.\" \/>\n<meta name=\"robots\" content=\"index, follow, max-snippet:-1, max-image-preview:large, max-video-preview:-1\" \/>\n<link rel=\"canonical\" href=\"https:\/\/padelcoin.xyz\/en\/tienda\/\" \/>\n<meta property=\"og:locale\" content=\"en_US\" \/>\n<meta property=\"og:type\" content=\"article\" \/>\n<meta property=\"og:title\" content=\"Tienda PADELCOIN ($PADEL) - Productos para la comunidad\" \/>\n<meta property=\"og:description\" content=\"Pr\u00f3ximamente: Compra art\u00edculos exclusivos de PADELCOIN con $PADEL. Camisetas, raquetas y m\u00e1s en la tienda oficial del token.\" \/>\n<meta property=\"og:url\" content=\"https:\/\/padelcoin.xyz\/en\/tienda\/\" \/>\n<meta property=\"og:site_name\" content=\"La Revoluci\u00f3n Cripto del P\u00e1del\" \/>\n<meta property=\"article:modified_time\" content=\"2025-03-10T18:44:15+00:00\" \/>\n<meta property=\"og:image\" content=\"https:\/\/padelcoin.xyz\/wp-content\/uploads\/elementor\/thumbs\/Proximamente-r2ns3ow75wzjcju947u3ch2vo3ob8yh38d2tvaal8g.png\" \/>\n<meta name=\"twitter:card\" content=\"summary_large_image\" \/>\n<meta name=\"twitter:site\" content=\"@padelcoinx\" \/>\n<meta name=\"twitter:label1\" content=\"Est. reading time\" \/>\n\t<meta name=\"twitter:data1\" content=\"1 minute\" \/>\n<script type=\"application\/ld+json\" class=\"yoast-schema-graph\">{\"@context\":\"https:\/\/schema.org\",\"@graph\":[{\"@type\":\"WebPage\",\"@id\":\"https:\/\/padelcoin.xyz\/tienda\/\",\"url\":\"https:\/\/padelcoin.xyz\/tienda\/\",\"name\":\"Tienda PADELCOIN ($PADEL) - Productos para la comunidad\",\"isPartOf\":{\"@id\":\"http:\/\/padelcoin.xyz\/#website\"},\"primaryImageOfPage\":{\"@id\":\"https:\/\/padelcoin.xyz\/tienda\/#primaryimage\"},\"image\":{\"@id\":\"https:\/\/padelcoin.xyz\/tienda\/#primaryimage\"},\"thumbnailUrl\":\"https:\/\/padelcoin.xyz\/wp-content\/uploads\/elementor\/thumbs\/Proximamente-r2ns3ow75wzjcju947u3ch2vo3ob8yh38d2tvaal8g.png\",\"datePublished\":\"2025-03-05T17:10:36+00:00\",\"dateModified\":\"2025-03-10T18:44:15+00:00\",\"description\":\"Pr\u00f3ximamente: Compra art\u00edculos exclusivos de PADELCOIN con $PADEL. Camisetas, raquetas y m\u00e1s en la tienda oficial del token.\",\"breadcrumb\":{\"@id\":\"https:\/\/padelcoin.xyz\/tienda\/#breadcrumb\"},\"inLanguage\":\"en-US\",\"potentialAction\":[{\"@type\":\"ReadAction\",\"target\":[\"https:\/\/padelcoin.xyz\/tienda\/\"]}]},{\"@type\":\"ImageObject\",\"inLanguage\":\"en-US\",\"@id\":\"https:\/\/padelcoin.xyz\/tienda\/#primaryimage\",\"url\":\"https:\/\/padelcoin.xyz\/wp-content\/uploads\/elementor\/thumbs\/Proximamente-r2ns3ow75wzjcju947u3ch2vo3ob8yh38d2tvaal8g.png\",\"contentUrl\":\"https:\/\/padelcoin.xyz\/wp-content\/uploads\/elementor\/thumbs\/Proximamente-r2ns3ow75wzjcju947u3ch2vo3ob8yh38d2tvaal8g.png\"},{\"@type\":\"BreadcrumbList\",\"@id\":\"https:\/\/padelcoin.xyz\/tienda\/#breadcrumb\",\"itemListElement\":[{\"@type\":\"ListItem\",\"position\":1,\"name\":\"Home\",\"item\":\"https:\/\/padelcoin.xyz\/\"},{\"@type\":\"ListItem\",\"position\":2,\"name\":\"Tienda\"}]},{\"@type\":\"WebSite\",\"@id\":\"http:\/\/padelcoin.xyz\/#website\",\"url\":\"http:\/\/padelcoin.xyz\/\",\"name\":\"La Revoluci\u00f3n Cripto del P\u00e1del\",\"description\":\"La Criptomoneda #1 para los Jugadores de Padel\",\"publisher\":{\"@id\":\"http:\/\/padelcoin.xyz\/#organization\"},\"potentialAction\":[{\"@type\":\"SearchAction\",\"target\":{\"@type\":\"EntryPoint\",\"urlTemplate\":\"http:\/\/padelcoin.xyz\/?s={search_term_string}\"},\"query-input\":{\"@type\":\"PropertyValueSpecification\",\"valueRequired\":true,\"valueName\":\"search_term_string\"}}],\"inLanguage\":\"en-US\"},{\"@type\":\"Organization\",\"@id\":\"http:\/\/padelcoin.xyz\/#organization\",\"name\":\"La Revoluci\u00f3n Cripto del P\u00e1del\",\"url\":\"http:\/\/padelcoin.xyz\/\",\"logo\":{\"@type\":\"ImageObject\",\"inLanguage\":\"en-US\",\"@id\":\"http:\/\/padelcoin.xyz\/#\/schema\/logo\/image\/\",\"url\":\"https:\/\/padelcoin.xyz\/wp-content\/uploads\/2025\/05\/cropped-Logo-Padelcoin-192x192-1.avif\",\"contentUrl\":\"https:\/\/padelcoin.xyz\/wp-content\/uploads\/2025\/05\/cropped-Logo-Padelcoin-192x192-1.avif\",\"width\":192,\"height\":192,\"caption\":\"La Revoluci\u00f3n Cripto del P\u00e1del\"},\"image\":{\"@id\":\"http:\/\/padelcoin.xyz\/#\/schema\/logo\/image\/\"},\"sameAs\":[\"https:\/\/x.com\/padelcoinx\",\"https:\/\/instagram.com\/padelcoinx\",\"https:\/\/t.me\/padelcoinoficial\"]}]}<\/script>\n<!-- \/ Yoast SEO plugin. -->","yoast_head_json":{"title":"Tienda PADELCOIN ($PADEL) - Productos para la comunidad","description":"Pr\u00f3ximamente: Compra art\u00edculos exclusivos de PADELCOIN con $PADEL. Camisetas, raquetas y m\u00e1s en la tienda oficial del token.","robots":{"index":"index","follow":"follow","max-snippet":"max-snippet:-1","max-image-preview":"max-image-preview:large","max-video-preview":"max-video-preview:-1"},"canonical":"https:\/\/padelcoin.xyz\/en\/tienda\/","og_locale":"en_US","og_type":"article","og_title":"Tienda PADELCOIN ($PADEL) - Productos para la comunidad","og_description":"Pr\u00f3ximamente: Compra art\u00edculos exclusivos de PADELCOIN con $PADEL. Camisetas, raquetas y m\u00e1s en la tienda oficial del token.","og_url":"https:\/\/padelcoin.xyz\/en\/tienda\/","og_site_name":"La Revoluci\u00f3n Cripto del P\u00e1del","article_modified_time":"2025-03-10T18:44:15+00:00","og_image":[{"url":"https:\/\/padelcoin.xyz\/wp-content\/uploads\/elementor\/thumbs\/Proximamente-r2ns3ow75wzjcju947u3ch2vo3ob8yh38d2tvaal8g.png","type":"","width":"","height":""}],"twitter_card":"summary_large_image","twitter_site":"@padelcoinx","twitter_misc":{"Est. reading time":"1 minute"},"schema":{"@context":"https:\/\/schema.org","@graph":[{"@type":"WebPage","@id":"https:\/\/padelcoin.xyz\/tienda\/","url":"https:\/\/padelcoin.xyz\/tienda\/","name":"Tienda PADELCOIN ($PADEL) - Productos para la comunidad","isPartOf":{"@id":"http:\/\/padelcoin.xyz\/#website"},"primaryImageOfPage":{"@id":"https:\/\/padelcoin.xyz\/tienda\/#primaryimage"},"image":{"@id":"https:\/\/padelcoin.xyz\/tienda\/#primaryimage"},"thumbnailUrl":"https:\/\/padelcoin.xyz\/wp-content\/uploads\/elementor\/thumbs\/Proximamente-r2ns3ow75wzjcju947u3ch2vo3ob8yh38d2tvaal8g.png","datePublished":"2025-03-05T17:10:36+00:00","dateModified":"2025-03-10T18:44:15+00:00","description":"Pr\u00f3ximamente: Compra art\u00edculos exclusivos de PADELCOIN con $PADEL. Camisetas, raquetas y m\u00e1s en la tienda oficial del token.","breadcrumb":{"@id":"https:\/\/padelcoin.xyz\/tienda\/#breadcrumb"},"inLanguage":"en-US","potentialAction":[{"@type":"ReadAction","target":["https:\/\/padelcoin.xyz\/tienda\/"]}]},{"@type":"ImageObject","inLanguage":"en-US","@id":"https:\/\/padelcoin.xyz\/tienda\/#primaryimage","url":"https:\/\/padelcoin.xyz\/wp-content\/uploads\/elementor\/thumbs\/Proximamente-r2ns3ow75wzjcju947u3ch2vo3ob8yh38d2tvaal8g.png","contentUrl":"https:\/\/padelcoin.xyz\/wp-content\/uploads\/elementor\/thumbs\/Proximamente-r2ns3ow75wzjcju947u3ch2vo3ob8yh38d2tvaal8g.png"},{"@type":"BreadcrumbList","@id":"https:\/\/padelcoin.xyz\/tienda\/#breadcrumb","itemListElement":[{"@type":"ListItem","position":1,"name":"Home","item":"https:\/\/padelcoin.xyz\/"},{"@type":"ListItem","position":2,"name":"Tienda"}]},{"@type":"WebSite","@id":"http:\/\/padelcoin.xyz\/#website","url":"http:\/\/padelcoin.xyz\/","name":"The Crypto Revolution of Padel","description":"La Criptomoneda #1 para los Jugadores de Padel","publisher":{"@id":"http:\/\/padelcoin.xyz\/#organization"},"potentialAction":[{"@type":"SearchAction","target":{"@type":"EntryPoint","urlTemplate":"http:\/\/padelcoin.xyz\/?s={search_term_string}"},"query-input":{"@type":"PropertyValueSpecification","valueRequired":true,"valueName":"search_term_string"}}],"inLanguage":"en-US"},{"@type":"Organization","@id":"http:\/\/padelcoin.xyz\/#organization","name":"The Crypto Revolution of Padel","url":"http:\/\/padelcoin.xyz\/","logo":{"@type":"ImageObject","inLanguage":"en-US","@id":"http:\/\/padelcoin.xyz\/#\/schema\/logo\/image\/","url":"https:\/\/padelcoin.xyz\/wp-content\/uploads\/2025\/05\/cropped-Logo-Padelcoin-192x192-1.avif","contentUrl":"https:\/\/padelcoin.xyz\/wp-content\/uploads\/2025\/05\/cropped-Logo-Padelcoin-192x192-1.avif","width":192,"height":192,"caption":"La Revoluci\u00f3n Cripto del P\u00e1del"},"image":{"@id":"http:\/\/padelcoin.xyz\/#\/schema\/logo\/image\/"},"sameAs":["https:\/\/x.com\/padelcoinx","https:\/\/instagram.com\/padelcoinx","https:\/\/t.me\/padelcoinoficial"]}]}},"_links":{"self":[{"href":"https:\/\/padelcoin.xyz\/en\/wp-json\/wp\/v2\/pages\/35","targetHints":{"allow":["GET"]}}],"collection":[{"href":"https:\/\/padelcoin.xyz\/en\/wp-json\/wp\/v2\/pages"}],"about":[{"href":"https:\/\/padelcoin.xyz\/en\/wp-json\/wp\/v2\/types\/page"}],"author":[{"embeddable":true,"href":"https:\/\/padelcoin.xyz\/en\/wp-json\/wp\/v2\/users\/1"}],"replies":[{"embeddable":true,"href":"https:\/\/padelcoin.xyz\/en\/wp-json\/wp\/v2\/comments?post=35"}],"version-history":[{"count":0,"href":"https:\/\/padelcoin.xyz\/en\/wp-json\/wp\/v2\/pages\/35\/revisions"}],"wp:attachment":[{"href":"https:\/\/padelcoin.xyz\/en\/wp-json\/wp\/v2\/media?parent=35"}],"curies":[{"name":"wp","href":"https:\/\/api.w.org\/{rel}","templated":true}]}}