{"id":31,"date":"2025-03-05T17:10:55","date_gmt":"2025-03-05T17:10:55","guid":{"rendered":"https:\/\/padelcoin.xyz\/?page_id=31"},"modified":"2025-05-25T23:08:58","modified_gmt":"2025-05-25T23:08:58","slug":"whitepaper","status":"publish","type":"page","link":"https:\/\/padelcoin.xyz\/en\/whitepaper\/","title":{"rendered":"WhitePaper"},"content":{"rendered":"<div data-elementor-type=\"wp-page\" data-elementor-id=\"31\" class=\"elementor elementor-31\">\n\t\t\t\t<div class=\"elementor-element elementor-element-05d32e7 e-flex e-con-boxed e-con e-parent\" data-id=\"05d32e7\" data-element_type=\"container\" data-settings=\"{&quot;background_background&quot;:&quot;classic&quot;}\">\n\t\t\t\t\t<div class=\"e-con-inner\">\n\t\t<div class=\"elementor-element elementor-element-1613381 e-con-full e-flex e-con e-child\" data-id=\"1613381\" data-element_type=\"container\" data-settings=\"{&quot;background_background&quot;:&quot;classic&quot;}\">\n\t\t\t\t<div class=\"elementor-element elementor-element-f830bf5 elementor-widget elementor-widget-heading\" data-id=\"f830bf5\" data-element_type=\"widget\" data-widget_type=\"heading.default\">\n\t\t\t\t<div class=\"elementor-widget-container\">\n\t\t\t\t\t<h1 class=\"elementor-heading-title elementor-size-default\">\ud83d\udcc4 Official Whitepaper of $PADEL - Vision, Tokenomics and Strategy<\/h1>\t\t\t\t<\/div>\n\t\t\t\t<\/div>\n\t\t\t\t<div class=\"elementor-element elementor-element-0d653c5 elementor-widget elementor-widget-text-editor\" data-id=\"0d653c5\" data-element_type=\"widget\" data-widget_type=\"text-editor.default\">\n\t\t\t\t<div class=\"elementor-widget-container\">\n\t\t\t\t\t\t\t\t\t<p><span style=\"color: #000000;\">\u00a0 \u00a0Welcome to the official whitepaper of <b>$PADEL<\/b>, the first SPL token on the <b>Solana <\/b>network, designed to revolutionize the padel ecosystem with blockchain technology. This document summarizes our vision, tokenomics, ICO phases, token burn and expansion mechanisms, and strategies to ensure the project\u2019s sustainable growth.<\/span><\/p><p><span style=\"color: #000000;\">\u00a0 \u00a0\ud83d\udd0e Explore the <b>visual summary with key information<\/b> below and, if you wish, <b>download the full whitepaper in PDF<\/b> for all the details.<\/span><\/p>\t\t\t\t\t\t\t\t<\/div>\n\t\t\t\t<\/div>\n\t\t\t\t<\/div>\n\t\t<div class=\"elementor-element elementor-element-04e39b0 e-con-full e-flex e-con e-child\" data-id=\"04e39b0\" data-element_type=\"container\">\n\t\t\t\t<div class=\"elementor-element elementor-element-3af1b77 elementor-widget elementor-widget-heading\" data-id=\"3af1b77\" data-element_type=\"widget\" data-widget_type=\"heading.default\">\n\t\t\t\t<div class=\"elementor-widget-container\">\n\t\t\t\t\t<h2 class=\"elementor-heading-title elementor-size-default\">\ud83d\udcdd Whitepaper Summary<\/h2>\t\t\t\t<\/div>\n\t\t\t\t<\/div>\n\t\t\t\t<div class=\"elementor-element elementor-element-f38556c elementor-widget elementor-widget-text-editor\" data-id=\"f38556c\" data-element_type=\"widget\" data-widget_type=\"text-editor.default\">\n\t\t\t\t<div class=\"elementor-widget-container\">\n\t\t\t\t\t\t\t\t\t<p>\ud83c\udf10 <strong>Vision<\/strong>: $PADEL was created to transform the padel experience through decentralization, staking, and rewards, building a strong and engaged community.<\/p><p>\ud83d\udcc8 <strong>Tokenomics<\/strong>: Clear distribution of the initial supply (1B tokens) across categories for the ICO, team, rewards, marketing, and strategic reserve.<\/p><p>\ud83d\udcb0 <strong>ICO Phases:<\/strong>:<\/p><ul><li>Phase 1: 150M tokens at $0.000333<\/li><li>Phase 2: 120M tokens at $0.000666<\/li><li>DEX Launch: Dynamic price<\/li><\/ul><p>\ud83d\udd25 <strong>Transparent mechanisms<\/strong>: Automatic burning of unsold and unclaimed tokens, supply expansion only with milestones (<strong>1M users<\/strong> \/ <strong>$1M TVL<\/strong> \/ <strong>snapshot<\/strong>).<\/p><p>\ud83d\udc65 <strong>Governance and security<\/strong>: Snapshot for voting, multisig wallet for secure fund management.<\/p><p>\ud83c\udfaf <strong>Marketing and community<\/strong>: Global strategies, performance-based influencer rewards, sustainable community growth.<\/p>\t\t\t\t\t\t\t\t<\/div>\n\t\t\t\t<\/div>\n\t\t\t\t<\/div>\n\t\t<div class=\"elementor-element elementor-element-82580ae e-con-full e-flex e-con e-child\" data-id=\"82580ae\" data-element_type=\"container\">\n\t\t\t\t<div class=\"elementor-element elementor-element-6c5c08d elementor-widget elementor-widget-heading\" data-id=\"6c5c08d\" data-element_type=\"widget\" data-widget_type=\"heading.default\">\n\t\t\t\t<div class=\"elementor-widget-container\">\n\t\t\t\t\t<h2 class=\"elementor-heading-title elementor-size-default\">\ud83d\udce5 Download the Full Whitepaper<\/h2>\t\t\t\t<\/div>\n\t\t\t\t<\/div>\n\t\t\t\t<div class=\"elementor-element elementor-element-6c494d0 elementor-widget elementor-widget-text-editor\" data-id=\"6c494d0\" data-element_type=\"widget\" data-widget_type=\"text-editor.default\">\n\t\t\t\t<div class=\"elementor-widget-container\">\n\t\t\t\t\t\t\t\t\t<p>Discover all the details of the $PADEL project. Download the full document in your preferred language:<\/p><p>\ud83d\udcc4 <a href=\"https:\/\/drive.google.com\/file\/d\/1UDXqUf--uuukZhjL4c_GG4eFzQU_Fm4k\/view?usp=drive_link\">[Descargar PDF en Espa\u00f1ol]<\/a> \ud83c\uddea\ud83c\uddf8\u00a0<br \/>\ud83d\udcc4 <a href=\"https:\/\/drive.google.com\/file\/d\/1p4t9HQP2Kc_7MyaWmEAknHL33i7QGIMA\/view?usp=sharing\">[Download PDF in English]<\/a> \ud83c\uddec\ud83c\udde7\u00a0<br \/>\ud83d\udcc4 <a href=\"https:\/\/drive.google.com\/file\/d\/1mQW7edXgc58XzFm_rF6czNR_qgn6JDIC\/view?usp=sharing\">[Baixar PDF em Portugu\u00eas]<\/a> \ud83c\uddf5\ud83c\uddf9<\/p>\t\t\t\t\t\t\t\t<\/div>\n\t\t\t\t<\/div>\n\t\t\t\t<\/div>\n\t\t\t\t\t<\/div>\n\t\t\t\t<\/div>\n\t\t<div class=\"elementor-element elementor-element-57d26a3 e-flex e-con-boxed e-con e-parent\" data-id=\"57d26a3\" data-element_type=\"container\" data-settings=\"{&quot;background_background&quot;:&quot;classic&quot;}\">\n\t\t\t\t\t<div class=\"e-con-inner\">\n\t\t\t\t<div class=\"elementor-element elementor-element-59f7096 elementor-widget elementor-widget-heading\" data-id=\"59f7096\" data-element_type=\"widget\" data-widget_type=\"heading.default\">\n\t\t\t\t<div class=\"elementor-widget-container\">\n\t\t\t\t\t<h3 class=\"elementor-heading-title elementor-size-default\">Now take a look at our <a href=\"\/en\/blog\/\">blog<\/a> or follow us at our social media:<\/h3>\t\t\t\t<\/div>\n\t\t\t\t<\/div>\n\t\t<div class=\"elementor-element elementor-element-eba8883 e-grid e-con-full e-con e-child\" data-id=\"eba8883\" data-element_type=\"container\">\n\t\t\t\t<div class=\"elementor-element elementor-element-16b4258 elementor-widget elementor-widget-image\" data-id=\"16b4258\" data-element_type=\"widget\" data-widget_type=\"image.default\">\n\t\t\t\t<div class=\"elementor-widget-container\">\n\t\t\t\t\t\t\t\t\t\t\t\t<figure class=\"wp-caption\">\n\t\t\t\t\t\t\t\t\t\t\t<a href=\"https:\/\/instagram.com\/padelcoinx\" target=\"_blank\">\n\t\t\t\t\t\t\t<img decoding=\"async\" src=\"https:\/\/padelcoin.xyz\/wp-content\/uploads\/elementor\/thumbs\/Instagram-Icon-e1741630816401-r2nzvep0m09q8ftbhngjib6k41c26p3p2xluk0xee8.png\" title=\"Instagram Icon\" alt=\"Instagram Icon\" loading=\"lazy\" \/>\t\t\t\t\t\t\t\t<\/a>\n\t\t\t\t\t\t\t\t\t\t\t<figcaption class=\"widget-image-caption wp-caption-text\">@padelcoinx<\/figcaption>\n\t\t\t\t\t\t\t\t\t\t<\/figure>\n\t\t\t\t\t\t\t\t\t<\/div>\n\t\t\t\t<\/div>\n\t\t\t\t<div class=\"elementor-element elementor-element-a516e0b elementor-widget elementor-widget-image\" data-id=\"a516e0b\" data-element_type=\"widget\" data-widget_type=\"image.default\">\n\t\t\t\t<div class=\"elementor-widget-container\">\n\t\t\t\t\t\t\t\t\t\t\t\t<figure class=\"wp-caption\">\n\t\t\t\t\t\t\t\t\t\t\t<a href=\"https:\/\/x.com\/padelcoinx\" target=\"_blank\">\n\t\t\t\t\t\t\t<img decoding=\"async\" src=\"https:\/\/padelcoin.xyz\/wp-content\/uploads\/elementor\/thumbs\/X-Icon-e1741631085753-r2o02fjlofvuzjm1h6r6n1djwopsp9zhpp3gngihwg.png\" title=\"X Icon\" alt=\"X Icon\" loading=\"lazy\" \/>\t\t\t\t\t\t\t\t<\/a>\n\t\t\t\t\t\t\t\t\t\t\t<figcaption class=\"widget-image-caption wp-caption-text\">@padelcoinx<\/figcaption>\n\t\t\t\t\t\t\t\t\t\t<\/figure>\n\t\t\t\t\t\t\t\t\t<\/div>\n\t\t\t\t<\/div>\n\t\t\t\t<div class=\"elementor-element elementor-element-66e635a elementor-widget elementor-widget-image\" data-id=\"66e635a\" data-element_type=\"widget\" data-widget_type=\"image.default\">\n\t\t\t\t<div class=\"elementor-widget-container\">\n\t\t\t\t\t\t\t\t\t\t\t\t<figure class=\"wp-caption\">\n\t\t\t\t\t\t\t\t\t\t\t<a href=\"https:\/\/t.me\/padelcoinoficial\" target=\"_blank\">\n\t\t\t\t\t\t\t<img decoding=\"async\" src=\"https:\/\/padelcoin.xyz\/wp-content\/uploads\/elementor\/thumbs\/Telegram-Icon-e1741630860729-r2nzwk1wypucfa58s5c4k0qu8zo7ldnvwmb7o782sg.png\" title=\"Telegram Icon\" alt=\"Telegram Icon\" loading=\"lazy\" \/>\t\t\t\t\t\t\t\t<\/a>\n\t\t\t\t\t\t\t\t\t\t\t<figcaption class=\"widget-image-caption wp-caption-text\">@padelcoinx<\/figcaption>\n\t\t\t\t\t\t\t\t\t\t<\/figure>\n\t\t\t\t\t\t\t\t\t<\/div>\n\t\t\t\t<\/div>\n\t\t\t\t<\/div>\n\t\t\t\t\t<\/div>\n\t\t\t\t<\/div>\n\t\t\t\t<\/div>","protected":false},"excerpt":{"rendered":"<p>\ud83d\udcc4 Whitepaper Oficial de $PADEL &#8211; Visi\u00f3n, Tokenomics y Estrategia \u00a0 \u00a0Bienvenido al whitepaper oficial de $PADEL, el primer token SPL de la red Solana dise\u00f1ado para revolucionar el ecosistema del p\u00e1del con tecnolog\u00eda blockchain. Este documento resume nuestra visi\u00f3n, tokenomics, fases de la ICO, mecanismos de quema de tokens y expansi\u00f3n, y las estrategias [&hellip;]<\/p>","protected":false},"author":1,"featured_media":0,"parent":0,"menu_order":0,"comment_status":"closed","ping_status":"closed","template":"elementor_theme","meta":{"_eb_attr":"","site-sidebar-layout":"no-sidebar","site-content-layout":"","ast-site-content-layout":"full-width-container","site-content-style":"default","site-sidebar-style":"default","ast-global-header-display":"","ast-banner-title-visibility":"","ast-main-header-display":"","ast-hfb-above-header-display":"","ast-hfb-below-header-display":"","ast-hfb-mobile-header-display":"","site-post-title":"disabled","ast-breadcrumbs-content":"","ast-featured-img":"disabled","footer-sml-layout":"","theme-transparent-header-meta":"","adv-header-id-meta":"","stick-header-meta":"","header-above-stick-meta":"","header-main-stick-meta":"","header-below-stick-meta":"","astra-migrate-meta-layouts":"default","ast-page-background-enabled":"default","ast-page-background-meta":{"desktop":{"background-color":"var(--ast-global-color-5)","background-image":"","background-repeat":"repeat","background-position":"center center","background-size":"auto","background-attachment":"scroll","background-type":"","background-media":"","overlay-type":"","overlay-color":"","overlay-opacity":"","overlay-gradient":""},"tablet":{"background-color":"","background-image":"","background-repeat":"repeat","background-position":"center center","background-size":"auto","background-attachment":"scroll","background-type":"","background-media":"","overlay-type":"","overlay-color":"","overlay-opacity":"","overlay-gradient":""},"mobile":{"background-color":"","background-image":"","background-repeat":"repeat","background-position":"center center","background-size":"auto","background-attachment":"scroll","background-type":"","background-media":"","overlay-type":"","overlay-color":"","overlay-opacity":"","overlay-gradient":""}},"ast-content-background-meta":{"desktop":{"background-color":"var(--ast-global-color-4)","background-image":"","background-repeat":"repeat","background-position":"center center","background-size":"auto","background-attachment":"scroll","background-type":"","background-media":"","overlay-type":"","overlay-color":"","overlay-opacity":"","overlay-gradient":""},"tablet":{"background-color":"var(--ast-global-color-4)","background-image":"","background-repeat":"repeat","background-position":"center center","background-size":"auto","background-attachment":"scroll","background-type":"","background-media":"","overlay-type":"","overlay-color":"","overlay-opacity":"","overlay-gradient":""},"mobile":{"background-color":"var(--ast-global-color-4)","background-image":"","background-repeat":"repeat","background-position":"center center","background-size":"auto","background-attachment":"scroll","background-type":"","background-media":"","overlay-type":"","overlay-color":"","overlay-opacity":"","overlay-gradient":""}},"footnotes":""},"class_list":["post-31","page","type-page","status-publish","hentry"],"yoast_head":"<!-- This site is optimized with the Yoast SEO plugin v25.6 - https:\/\/yoast.com\/wordpress\/plugins\/seo\/ -->\n<title>Whitepaper de PADELCOIN ($PADEL) - Todo sobre $PADEL<\/title>\n<meta name=\"description\" content=\"Consulta el whitepaper de PADELCOIN y conoce en detalle el tokenomics, roadmap y visi\u00f3n del primer token cripto del mundo del p\u00e1del.\" \/>\n<meta name=\"robots\" content=\"index, follow, max-snippet:-1, max-image-preview:large, max-video-preview:-1\" \/>\n<link rel=\"canonical\" href=\"https:\/\/padelcoin.xyz\/en\/whitepaper\/\" \/>\n<meta property=\"og:locale\" content=\"en_US\" \/>\n<meta property=\"og:type\" content=\"article\" \/>\n<meta property=\"og:title\" content=\"Whitepaper de PADELCOIN ($PADEL) - Todo sobre $PADEL\" \/>\n<meta property=\"og:description\" content=\"Consulta el whitepaper de PADELCOIN y conoce en detalle el tokenomics, roadmap y visi\u00f3n del primer token cripto del mundo del p\u00e1del.\" \/>\n<meta property=\"og:url\" content=\"https:\/\/padelcoin.xyz\/en\/whitepaper\/\" \/>\n<meta property=\"og:site_name\" content=\"La Revoluci\u00f3n Cripto del P\u00e1del\" \/>\n<meta property=\"article:modified_time\" content=\"2025-05-25T23:08:58+00:00\" \/>\n<meta property=\"og:image\" content=\"https:\/\/padelcoin.xyz\/wp-content\/uploads\/elementor\/thumbs\/Instagram-Icon-e1741630816401-r2nzvep0m09q8ftbhngjib6k41c26p3p2xluk0xee8.png\" \/>\n<meta name=\"twitter:card\" content=\"summary_large_image\" \/>\n<meta name=\"twitter:site\" content=\"@padelcoinx\" \/>\n<meta name=\"twitter:label1\" content=\"Est. reading time\" \/>\n\t<meta name=\"twitter:data1\" content=\"3 minutes\" \/>\n<script type=\"application\/ld+json\" class=\"yoast-schema-graph\">{\"@context\":\"https:\/\/schema.org\",\"@graph\":[{\"@type\":\"WebPage\",\"@id\":\"https:\/\/padelcoin.xyz\/whitepaper\/\",\"url\":\"https:\/\/padelcoin.xyz\/whitepaper\/\",\"name\":\"Whitepaper de PADELCOIN ($PADEL) - Todo sobre $PADEL\",\"isPartOf\":{\"@id\":\"http:\/\/padelcoin.xyz\/#website\"},\"primaryImageOfPage\":{\"@id\":\"https:\/\/padelcoin.xyz\/whitepaper\/#primaryimage\"},\"image\":{\"@id\":\"https:\/\/padelcoin.xyz\/whitepaper\/#primaryimage\"},\"thumbnailUrl\":\"https:\/\/padelcoin.xyz\/wp-content\/uploads\/elementor\/thumbs\/Instagram-Icon-e1741630816401-r2nzvep0m09q8ftbhngjib6k41c26p3p2xluk0xee8.png\",\"datePublished\":\"2025-03-05T17:10:55+00:00\",\"dateModified\":\"2025-05-25T23:08:58+00:00\",\"description\":\"Consulta el whitepaper de PADELCOIN y conoce en detalle el tokenomics, roadmap y visi\u00f3n del primer token cripto del mundo del p\u00e1del.\",\"breadcrumb\":{\"@id\":\"https:\/\/padelcoin.xyz\/whitepaper\/#breadcrumb\"},\"inLanguage\":\"en-US\",\"potentialAction\":[{\"@type\":\"ReadAction\",\"target\":[\"https:\/\/padelcoin.xyz\/whitepaper\/\"]}]},{\"@type\":\"ImageObject\",\"inLanguage\":\"en-US\",\"@id\":\"https:\/\/padelcoin.xyz\/whitepaper\/#primaryimage\",\"url\":\"https:\/\/padelcoin.xyz\/wp-content\/uploads\/elementor\/thumbs\/Instagram-Icon-e1741630816401-r2nzvep0m09q8ftbhngjib6k41c26p3p2xluk0xee8.png\",\"contentUrl\":\"https:\/\/padelcoin.xyz\/wp-content\/uploads\/elementor\/thumbs\/Instagram-Icon-e1741630816401-r2nzvep0m09q8ftbhngjib6k41c26p3p2xluk0xee8.png\"},{\"@type\":\"BreadcrumbList\",\"@id\":\"https:\/\/padelcoin.xyz\/whitepaper\/#breadcrumb\",\"itemListElement\":[{\"@type\":\"ListItem\",\"position\":1,\"name\":\"Home\",\"item\":\"https:\/\/padelcoin.xyz\/\"},{\"@type\":\"ListItem\",\"position\":2,\"name\":\"WhitePaper\"}]},{\"@type\":\"WebSite\",\"@id\":\"http:\/\/padelcoin.xyz\/#website\",\"url\":\"http:\/\/padelcoin.xyz\/\",\"name\":\"La Revoluci\u00f3n Cripto del P\u00e1del\",\"description\":\"La Criptomoneda #1 para los Jugadores de Padel\",\"publisher\":{\"@id\":\"http:\/\/padelcoin.xyz\/#organization\"},\"potentialAction\":[{\"@type\":\"SearchAction\",\"target\":{\"@type\":\"EntryPoint\",\"urlTemplate\":\"http:\/\/padelcoin.xyz\/?s={search_term_string}\"},\"query-input\":{\"@type\":\"PropertyValueSpecification\",\"valueRequired\":true,\"valueName\":\"search_term_string\"}}],\"inLanguage\":\"en-US\"},{\"@type\":\"Organization\",\"@id\":\"http:\/\/padelcoin.xyz\/#organization\",\"name\":\"La Revoluci\u00f3n Cripto del P\u00e1del\",\"url\":\"http:\/\/padelcoin.xyz\/\",\"logo\":{\"@type\":\"ImageObject\",\"inLanguage\":\"en-US\",\"@id\":\"http:\/\/padelcoin.xyz\/#\/schema\/logo\/image\/\",\"url\":\"https:\/\/padelcoin.xyz\/wp-content\/uploads\/2025\/05\/cropped-Logo-Padelcoin-192x192-1.avif\",\"contentUrl\":\"https:\/\/padelcoin.xyz\/wp-content\/uploads\/2025\/05\/cropped-Logo-Padelcoin-192x192-1.avif\",\"width\":192,\"height\":192,\"caption\":\"La Revoluci\u00f3n Cripto del P\u00e1del\"},\"image\":{\"@id\":\"http:\/\/padelcoin.xyz\/#\/schema\/logo\/image\/\"},\"sameAs\":[\"https:\/\/x.com\/padelcoinx\",\"https:\/\/instagram.com\/padelcoinx\",\"https:\/\/t.me\/padelcoinoficial\"]}]}<\/script>\n<!-- \/ Yoast SEO plugin. -->","yoast_head_json":{"title":"Whitepaper de PADELCOIN ($PADEL) - Todo sobre $PADEL","description":"Consulta el whitepaper de PADELCOIN y conoce en detalle el tokenomics, roadmap y visi\u00f3n del primer token cripto del mundo del p\u00e1del.","robots":{"index":"index","follow":"follow","max-snippet":"max-snippet:-1","max-image-preview":"max-image-preview:large","max-video-preview":"max-video-preview:-1"},"canonical":"https:\/\/padelcoin.xyz\/en\/whitepaper\/","og_locale":"en_US","og_type":"article","og_title":"Whitepaper de PADELCOIN ($PADEL) - Todo sobre $PADEL","og_description":"Consulta el whitepaper de PADELCOIN y conoce en detalle el tokenomics, roadmap y visi\u00f3n del primer token cripto del mundo del p\u00e1del.","og_url":"https:\/\/padelcoin.xyz\/en\/whitepaper\/","og_site_name":"La Revoluci\u00f3n Cripto del P\u00e1del","article_modified_time":"2025-05-25T23:08:58+00:00","og_image":[{"url":"https:\/\/padelcoin.xyz\/wp-content\/uploads\/elementor\/thumbs\/Instagram-Icon-e1741630816401-r2nzvep0m09q8ftbhngjib6k41c26p3p2xluk0xee8.png","type":"","width":"","height":""}],"twitter_card":"summary_large_image","twitter_site":"@padelcoinx","twitter_misc":{"Est. reading time":"3 minutes"},"schema":{"@context":"https:\/\/schema.org","@graph":[{"@type":"WebPage","@id":"https:\/\/padelcoin.xyz\/whitepaper\/","url":"https:\/\/padelcoin.xyz\/whitepaper\/","name":"Whitepaper de PADELCOIN ($PADEL) - Todo sobre $PADEL","isPartOf":{"@id":"http:\/\/padelcoin.xyz\/#website"},"primaryImageOfPage":{"@id":"https:\/\/padelcoin.xyz\/whitepaper\/#primaryimage"},"image":{"@id":"https:\/\/padelcoin.xyz\/whitepaper\/#primaryimage"},"thumbnailUrl":"https:\/\/padelcoin.xyz\/wp-content\/uploads\/elementor\/thumbs\/Instagram-Icon-e1741630816401-r2nzvep0m09q8ftbhngjib6k41c26p3p2xluk0xee8.png","datePublished":"2025-03-05T17:10:55+00:00","dateModified":"2025-05-25T23:08:58+00:00","description":"Consulta el whitepaper de PADELCOIN y conoce en detalle el tokenomics, roadmap y visi\u00f3n del primer token cripto del mundo del p\u00e1del.","breadcrumb":{"@id":"https:\/\/padelcoin.xyz\/whitepaper\/#breadcrumb"},"inLanguage":"en-US","potentialAction":[{"@type":"ReadAction","target":["https:\/\/padelcoin.xyz\/whitepaper\/"]}]},{"@type":"ImageObject","inLanguage":"en-US","@id":"https:\/\/padelcoin.xyz\/whitepaper\/#primaryimage","url":"https:\/\/padelcoin.xyz\/wp-content\/uploads\/elementor\/thumbs\/Instagram-Icon-e1741630816401-r2nzvep0m09q8ftbhngjib6k41c26p3p2xluk0xee8.png","contentUrl":"https:\/\/padelcoin.xyz\/wp-content\/uploads\/elementor\/thumbs\/Instagram-Icon-e1741630816401-r2nzvep0m09q8ftbhngjib6k41c26p3p2xluk0xee8.png"},{"@type":"BreadcrumbList","@id":"https:\/\/padelcoin.xyz\/whitepaper\/#breadcrumb","itemListElement":[{"@type":"ListItem","position":1,"name":"Home","item":"https:\/\/padelcoin.xyz\/"},{"@type":"ListItem","position":2,"name":"WhitePaper"}]},{"@type":"WebSite","@id":"http:\/\/padelcoin.xyz\/#website","url":"http:\/\/padelcoin.xyz\/","name":"The Crypto Revolution of Padel","description":"La Criptomoneda #1 para los Jugadores de Padel","publisher":{"@id":"http:\/\/padelcoin.xyz\/#organization"},"potentialAction":[{"@type":"SearchAction","target":{"@type":"EntryPoint","urlTemplate":"http:\/\/padelcoin.xyz\/?s={search_term_string}"},"query-input":{"@type":"PropertyValueSpecification","valueRequired":true,"valueName":"search_term_string"}}],"inLanguage":"en-US"},{"@type":"Organization","@id":"http:\/\/padelcoin.xyz\/#organization","name":"The Crypto Revolution of Padel","url":"http:\/\/padelcoin.xyz\/","logo":{"@type":"ImageObject","inLanguage":"en-US","@id":"http:\/\/padelcoin.xyz\/#\/schema\/logo\/image\/","url":"https:\/\/padelcoin.xyz\/wp-content\/uploads\/2025\/05\/cropped-Logo-Padelcoin-192x192-1.avif","contentUrl":"https:\/\/padelcoin.xyz\/wp-content\/uploads\/2025\/05\/cropped-Logo-Padelcoin-192x192-1.avif","width":192,"height":192,"caption":"La Revoluci\u00f3n Cripto del P\u00e1del"},"image":{"@id":"http:\/\/padelcoin.xyz\/#\/schema\/logo\/image\/"},"sameAs":["https:\/\/x.com\/padelcoinx","https:\/\/instagram.com\/padelcoinx","https:\/\/t.me\/padelcoinoficial"]}]}},"_links":{"self":[{"href":"https:\/\/padelcoin.xyz\/en\/wp-json\/wp\/v2\/pages\/31","targetHints":{"allow":["GET"]}}],"collection":[{"href":"https:\/\/padelcoin.xyz\/en\/wp-json\/wp\/v2\/pages"}],"about":[{"href":"https:\/\/padelcoin.xyz\/en\/wp-json\/wp\/v2\/types\/page"}],"author":[{"embeddable":true,"href":"https:\/\/padelcoin.xyz\/en\/wp-json\/wp\/v2\/users\/1"}],"replies":[{"embeddable":true,"href":"https:\/\/padelcoin.xyz\/en\/wp-json\/wp\/v2\/comments?post=31"}],"version-history":[{"count":0,"href":"https:\/\/padelcoin.xyz\/en\/wp-json\/wp\/v2\/pages\/31\/revisions"}],"wp:attachment":[{"href":"https:\/\/padelcoin.xyz\/en\/wp-json\/wp\/v2\/media?parent=31"}],"curies":[{"name":"wp","href":"https:\/\/api.w.org\/{rel}","templated":true}]}}